{"id":544,"date":"2018-11-27T09:17:56","date_gmt":"2018-11-27T09:17:56","guid":{"rendered":"https:\/\/lordofbmw.com\/?page_id=544"},"modified":"2026-04-30T17:36:31","modified_gmt":"2026-04-30T14:36:31","slug":"contact","status":"publish","type":"page","link":"https:\/\/lordofbmw.com\/tr\/contact\/","title":{"rendered":"Ba\u011flant\u0131"},"content":{"rendered":"<div data-elementor-type=\"wp-post\" data-elementor-id=\"544\" class=\"elementor elementor-544\" wpc-filter-elementor-widget=\"1\" data-elementor-post-type=\"page\">\n\t\t\t\t<div class=\"elementor-element elementor-element-f5a6403 e-flex e-con-boxed e-con e-parent\" data-id=\"f5a6403\" data-element_type=\"container\" data-e-type=\"container\" data-settings=\"{&quot;background_background&quot;:&quot;classic&quot;}\">\n\t\t\t\t\t<div class=\"e-con-inner\">\n\t\t\t\t<div class=\"elementor-element elementor-element-edbc676 elementor-widget elementor-widget-html\" data-id=\"edbc676\" data-element_type=\"widget\" data-e-type=\"widget\" data-widget_type=\"html.default\">\n\t\t\t\t<div class=\"elementor-widget-container\">\n\t\t\t\t\t<div class=\"lob-contact-section\">\r\n  <div class=\"lob-promo-wrapper\">\r\n    <img decoding=\"async\" \r\n      src=\"https:\/\/lordofbmw.com\/wp-content\/uploads\/2026\/04\/WhatsApp-Image-2026-04-29-at-19.57.27.jpeg\" \r\n      alt=\"Surprise Promo\" \r\n      class=\"lob-promo-image\"\r\n      loading=\"lazy\"\r\n    >\r\n    <a href=\"https:\/\/www.instagram.com\/lord_of_bmw_\" target=\"_blank\" class=\"lob-promo-cta\" rel=\"noopener\">\r\n      <i class=\"fa fa-instagram\"><\/i>\r\n      <span>Click here for the surprise details<\/span>\r\n    <\/a>\r\n  <\/div>\r\n\r\n  <div class=\"lob-contact-list\">\r\n    <div class=\"lob-contact-item\">\r\n      <div class=\"lob-contact-info\">\r\n        <div class=\"lob-contact-icon\">\r\n          <i class=\"fa fa-user-circle\"><\/i>\r\n        <\/div>\r\n        <div class=\"lob-contact-details\">\r\n          <h3>Genel M\u00fcd\u00fcr - M. Ali<\/h3>\r\n          <span class=\"lob-phone\">+90 548 822 18 00<\/span>\r\n        <\/div>\r\n      <\/div>\r\n      <div class=\"lob-contact-actions\">\r\n        <a href=\"tel:+905488221800\" class=\"lob-action-btn lob-call\">\r\n          <i class=\"fa fa-phone\"><\/i>\r\n          <span class=\"lob-btn-text\">\u00c7a\u011fr\u0131<\/span>\r\n        <\/a>\r\n        <a href=\"https:\/\/wa.me\/905488221800\" target=\"_blank\" class=\"lob-action-btn lob-whatsapp\" rel=\"noopener\">\r\n          <i class=\"fa fa-whatsapp\"><\/i>\r\n          <span class=\"lob-btn-text\">WhatsApp<\/span>\r\n        <\/a>\r\n        <a href=\"https:\/\/maps.app.goo.gl\/XxuHPtFhLMLj43ECA\" target=\"_blank\" class=\"lob-action-btn lob-location\" rel=\"noopener\">\r\n          <i class=\"fa fa-map-marker\"><\/i>\r\n          <span class=\"lob-btn-text\">Konum<\/span>\r\n        <\/a>\r\n      <\/div>\r\n    <\/div>\r\n\r\n    <div class=\"lob-contact-item\">\r\n      <div class=\"lob-contact-info\">\r\n        <div class=\"lob-contact-icon\">\r\n          <i class=\"fa fa-shopping-bag\"><\/i>\r\n        <\/div>\r\n        <div class=\"lob-contact-details\">\r\n          <h3>Sales \u2013 Karim & Amer<\/h3>\r\n          <span class=\"lob-phone\">+90 542 856 16 64<\/span>\r\n        <\/div>\r\n      <\/div>\r\n      <div class=\"lob-contact-actions\">\r\n        <a href=\"tel:+905428561664\" class=\"lob-action-btn lob-call\">\r\n          <i class=\"fa fa-phone\"><\/i>\r\n          <span class=\"lob-btn-text\">\u00c7a\u011fr\u0131<\/span>\r\n        <\/a>\r\n        <a href=\"https:\/\/wa.me\/905428561664\" target=\"_blank\" class=\"lob-action-btn lob-whatsapp\" rel=\"noopener\">\r\n          <i class=\"fa fa-whatsapp\"><\/i>\r\n          <span class=\"lob-btn-text\">WhatsApp<\/span>\r\n        <\/a>\r\n        <a href=\"https:\/\/maps.app.goo.gl\/XxuHPtFhLMLj43ECA\" target=\"_blank\" class=\"lob-action-btn lob-location\" rel=\"noopener\">\r\n          <i class=\"fa fa-map-marker\"><\/i>\r\n          <span class=\"lob-btn-text\">Konum<\/span>\r\n        <\/a>\r\n      <\/div>\r\n    <\/div>\r\n\r\n    <div class=\"lob-contact-item\">\r\n      <div class=\"lob-contact-info\">\r\n        <div class=\"lob-contact-icon\">\r\n          <i class=\"fa fa-wrench\"><\/i>\r\n        <\/div>\r\n        <div class=\"lob-contact-details\">\r\n          <h3>Hizmet-Alaa<\/h3>\r\n          <span class=\"lob-phone\">+90 548 873 82 15<\/span>\r\n        <\/div>\r\n      <\/div>\r\n      <div class=\"lob-contact-actions\">\r\n        <a href=\"tel:+905488738215\" class=\"lob-action-btn lob-call\">\r\n          <i class=\"fa fa-phone\"><\/i>\r\n          <span class=\"lob-btn-text\">\u00c7a\u011fr\u0131<\/span>\r\n        <\/a>\r\n        <a href=\"https:\/\/wa.me\/905488738215\" target=\"_blank\" class=\"lob-action-btn lob-whatsapp\" rel=\"noopener\">\r\n          <i class=\"fa fa-whatsapp\"><\/i>\r\n          <span class=\"lob-btn-text\">WhatsApp<\/span>\r\n        <\/a>\r\n        <a href=\"https:\/\/maps.app.goo.gl\/xM88rpQbyS2BPWmx9\" target=\"_blank\" class=\"lob-action-btn lob-location\" rel=\"noopener\">\r\n          <i class=\"fa fa-map-marker\"><\/i>\r\n          <span class=\"lob-btn-text\">Konum<\/span>\r\n        <\/a>\r\n      <\/div>\r\n    <\/div>\r\n  <\/div>\r\n\r\n  <div class=\"lob-divider\"><\/div>\r\n\r\n  <div class=\"lob-links-section\">\r\n    <div class=\"lob-links-group\">\r\n      <h3 class=\"lob-links-title\">Bizi sosyal medyadan takip edin<\/h3>\r\n      <div class=\"lob-links-row\">\r\n        <a href=\"https:\/\/www.instagram.com\/lord_of_bmw_\" target=\"_blank\" class=\"lob-social-link lob-instagram\" rel=\"noopener\">\r\n          <i class=\"fa fa-instagram\"><\/i>\r\n          <span>Instagram<\/span>\r\n        <\/a>\r\n        <a href=\"https:\/\/youtube.com\/@lordofbmw?si=V0sqwQLDi9jS6GhW\" target=\"_blank\" class=\"lob-social-link lob-youtube\" rel=\"noopener\">\r\n          <i class=\"fa fa-youtube-play\"><\/i>\r\n          <span>Youtube<\/span>\r\n        <\/a>\r\n        <a href=\"https:\/\/www.tiktok.com\/@alizeirbani?_r=1&amp;_t=ZS-93HoXGfs5vG\" target=\"_blank\" class=\"lob-social-link lob-tiktok\" rel=\"noopener\">\r\n          <i class=\"fa fa-music\"><\/i>\r\n          <span>tiktok<\/span>\r\n        <\/a>\r\n        <a href=\"mailto:Lordofbmwcy@gmail.com\" class=\"lob-social-link lob-email\">\r\n          <i class=\"fa fa-envelope\"><\/i>\r\n          <span>E-posta<\/span>\r\n        <\/a>\r\n        <a href=\"https:\/\/lordofbmw.com\/tr\/gallery\/\" class=\"lob-page-link\">\r\n          <i class=\"fa fa-image\"><\/i>\r\n          <span>Galeri<\/span>\r\n        <\/a>\r\n        <a href=\"https:\/\/lordofbmw.com\/tr\/shop\/\" class=\"lob-page-link\">\r\n          <i class=\"fa fa-shopping-cart\"><\/i>\r\n          <span>D\u00fckkan<\/span>\r\n        <\/a>\r\n      <\/div>\r\n    <\/div>\r\n  <\/div>\r\n<\/div>\r\n\r\n<style>\r\n.lob-contact-section{background:transparent;padding:0;max-width:1000px;margin:0 auto}\r\n.lob-promo-wrapper{position:relative;border-radius:12px;overflow:hidden;margin-bottom:24px;box-shadow:0 4px 15px rgba(0,0,0,0.06);border:1px solid #e5e7eb;background:#fff;transition:transform 0.2s ease}\r\n.lob-promo-wrapper:hover{transform:translateY(-2px);box-shadow:0 8px 20px rgba(0,0,0,0.1)}\r\n\r\n\/* Desktop crop *\/\r\n.lob-promo-image{width:100%;height:300px;object-fit:cover;display:block}\r\n\r\n.lob-promo-cta{display:flex;align-items:center;justify-content:center;gap:10px;padding:15px;background:linear-gradient(135deg,#E4405F 0%,#d62954 100%);color:#ffffff;text-decoration:none;font-size:16px;font-weight:700;transition:opacity 0.3s ease}\r\n.lob-promo-cta:hover{opacity:0.9;color:#ffffff}\r\n.lob-promo-cta i{font-size:20px}\r\n\r\n.lob-contact-list{display:flex;flex-direction:column;gap:14px}\r\n.lob-contact-item{display:flex;align-items:center;justify-content:space-between;padding:14px 18px;background:#f9fafb;border-radius:8px;gap:18px}\r\n.lob-contact-info{display:flex;align-items:center;gap:14px;flex:1}\r\n.lob-contact-icon{width:44px;height:44px;border-radius:50%;background:#0f7cfb;display:flex;align-items:center;justify-content:center;flex-shrink:0}\r\n.lob-contact-icon i{color:#ffffff;font-size:20px}\r\n.lob-contact-details h3{font-size:16px;font-weight:600;margin:0 0 3px;color:#111827}\r\n.lob-phone{font-size:14px;color:#6b7280;font-weight:500}\r\n\r\n.lob-contact-actions{display:flex;gap:8px}\r\n.lob-action-btn{display:inline-flex;align-items:center;gap:7px;padding:9px 16px;border-radius:6px;text-decoration:none;font-size:14px;font-weight:600;cursor:pointer;color:#ffffff}\r\n.lob-action-btn i{font-size:15px}\r\n.lob-btn-text{display:inline}\r\n\r\n.lob-call{background:#0f7cfb}\r\n.lob-call:hover{background:#0c6ad6;color:#ffffff}\r\n.lob-whatsapp{background:#25D366}\r\n.lob-whatsapp:hover{background:#22c55e;color:#ffffff}\r\n.lob-location{background:#111827}\r\n.lob-location:hover{background:#1f2937;color:#ffffff}\r\n\r\n.lob-divider{height:1px;background:#e5e7eb;margin:18px 0}\r\n\r\n.lob-links-section{display:grid;grid-template-columns:1fr;gap:20px}\r\n.lob-links-group{display:flex;flex-direction:column;gap:10px}\r\n.lob-links-title{font-size:14px;font-weight:600;color:#111827;margin:0}\r\n\r\n.lob-links-row{display:flex;flex-wrap:wrap;gap:8px}\r\n\r\n.lob-social-link,.lob-page-link{display:inline-flex;align-items:center;gap:7px;padding:9px 16px;border-radius:6px;font-size:13px;font-weight:600;text-decoration:none;color:#ffffff}\r\n.lob-social-link i,.lob-page-link i{font-size:15px}\r\n\r\n.lob-instagram{background:#E4405F}\r\n.lob-instagram:hover{background:#d62954;color:#ffffff}\r\n.lob-youtube{background:#FF0000}\r\n.lob-youtube:hover{background:#e60000;color:#ffffff}\r\n.lob-tiktok{background:#000000}\r\n.lob-tiktok:hover{background:#1a1a1a;color:#ffffff}\r\n.lob-email{background:#6b7280}\r\n.lob-email:hover{background:#4b5563;color:#ffffff}\r\n.lob-page-link{background:#0f7cfb}\r\n.lob-page-link:hover{background:#0c6ad6;color:#ffffff}\r\n\r\n\/* MOBILE FIX: show full image *\/\r\n@media(max-width:991px){\r\n  .lob-promo-image{\r\n    height:auto !important;\r\n    object-fit:contain;\r\n  }\r\n\r\n  .lob-promo-cta{font-size:14px;padding:12px}\r\n\r\n  .lob-contact-list{gap:0}\r\n  .lob-contact-item{flex-direction:column;align-items:flex-start;gap:10px;padding:12px 14px;border-radius:0;border-bottom:1px solid #e5e7eb}\r\n  .lob-contact-item:first-child{border-radius:8px 8px 0 0}\r\n  .lob-contact-item:last-child{border-radius:0 0 8px 8px;border-bottom:none}\r\n\r\n  .lob-contact-icon{width:36px;height:36px}\r\n  .lob-contact-icon i{font-size:17px}\r\n  .lob-contact-details h3{font-size:14px}\r\n  .lob-phone{font-size:13px}\r\n\r\n  .lob-contact-actions{width:100%;flex-direction:row;justify-content:space-between;gap:6px}\r\n  .lob-action-btn{flex:1;padding:8px;justify-content:center;gap:0}\r\n  .lob-btn-text{display:none}\r\n  .lob-action-btn i{font-size:17px}\r\n\r\n  .lob-divider{margin:14px 0}\r\n  .lob-links-title{display:none}\r\n\r\n  .lob-links-row{display:grid;grid-template-columns:repeat(3,1fr);gap:6px}\r\n  .lob-social-link,.lob-page-link{font-size:12px;padding:10px 8px;justify-content:center;gap:5px;width:100%}\r\n  .lob-social-link span,.lob-page-link span{font-size:11px}\r\n}\r\n<\/style>\t\t\t\t<\/div>\n\t\t\t\t<\/div>\n\t\t\t\t\t<\/div>\n\t\t\t\t<\/div>\n\t\t\t\t<\/div>","protected":false},"excerpt":{"rendered":"<p>Click here for the surprise details General Manager \u2013 M. Ali +90 548 822 18 00 Call WhatsApp Location Sales \u2013 Karim &#038; Amer +90 542 856 16 64 Call WhatsApp Location Service \u2013 Alaa +90 548 873 82 15 Call WhatsApp Location Follow us on social media Instagram YouTube TikTok Email Gallery Shop<\/p>","protected":false},"author":1,"featured_media":0,"parent":0,"menu_order":0,"comment_status":"closed","ping_status":"closed","template":"","meta":{"_acf_changed":false,"footnotes":""},"class_list":["post-544","page","type-page","status-publish","hentry"],"blocksy_meta":{"content_style_source":"custom","vertical_spacing_source":"custom","content_area_spacing":"none","styles_descriptor":{"styles":{"desktop":"[data-prefix=\"single_page\"] [class*=\"ct-container\"] > article[class*=\"post\"] {--has-boxed:var(--false);--has-wide:var(--true);}","tablet":"","mobile":""},"google_fonts":[],"version":6},"disable_footer":"yes"},"acf":[],"_links":{"self":[{"href":"https:\/\/lordofbmw.com\/tr\/wp-json\/wp\/v2\/pages\/544","targetHints":{"allow":["GET"]}}],"collection":[{"href":"https:\/\/lordofbmw.com\/tr\/wp-json\/wp\/v2\/pages"}],"about":[{"href":"https:\/\/lordofbmw.com\/tr\/wp-json\/wp\/v2\/types\/page"}],"author":[{"embeddable":true,"href":"https:\/\/lordofbmw.com\/tr\/wp-json\/wp\/v2\/users\/1"}],"replies":[{"embeddable":true,"href":"https:\/\/lordofbmw.com\/tr\/wp-json\/wp\/v2\/comments?post=544"}],"version-history":[{"count":81,"href":"https:\/\/lordofbmw.com\/tr\/wp-json\/wp\/v2\/pages\/544\/revisions"}],"predecessor-version":[{"id":9798,"href":"https:\/\/lordofbmw.com\/tr\/wp-json\/wp\/v2\/pages\/544\/revisions\/9798"}],"wp:attachment":[{"href":"https:\/\/lordofbmw.com\/tr\/wp-json\/wp\/v2\/media?parent=544"}],"curies":[{"name":"wp","href":"https:\/\/api.w.org\/{rel}","templated":true}]}}