{"id":3794,"date":"2025-10-18T10:27:14","date_gmt":"2025-10-18T07:27:14","guid":{"rendered":"https:\/\/www.lordofbmw.com\/?post_type=product&#038;p=3794"},"modified":"2025-10-18T10:27:14","modified_gmt":"2025-10-18T07:27:14","slug":"bmw-5-f10-f11-front-fender-indicator-light-right-7154168-63137154168","status":"publish","type":"product","link":"https:\/\/lordofbmw.com\/tr\/product\/bmw-5-f10-f11-front-fender-indicator-light-right-7154168-63137154168\/","title":{"rendered":"BMW 5 F10 F11 \u00d6n \u00e7amurluk g\u00f6sterge lambas\u0131 Sa\u011f 7154168 63137154168"},"content":{"rendered":"<p>7154168<\/p>\n<p>&nbsp;<\/p>\n<p>F10 Front fender indicator light Right 7154168<\/p>","protected":false},"excerpt":{"rendered":"<p>7154168 &nbsp; F10 Front fender indicator light Right 7154168<\/p>","protected":false},"featured_media":3795,"template":"","meta":{"_acf_changed":false},"product_brand":[],"product_cat":[630],"product_tag":[],"class_list":{"0":"post-3794","1":"product","2":"type-product","3":"status-publish","4":"has-post-thumbnail","6":"product_cat-bmw-5-series-parts","8":"first","9":"instock","10":"sale","11":"shipping-taxable","12":"purchasable","13":"product-type-simple"},"acf":[],"_links":{"self":[{"href":"https:\/\/lordofbmw.com\/tr\/wp-json\/wp\/v2\/product\/3794","targetHints":{"allow":["GET"]}}],"collection":[{"href":"https:\/\/lordofbmw.com\/tr\/wp-json\/wp\/v2\/product"}],"about":[{"href":"https:\/\/lordofbmw.com\/tr\/wp-json\/wp\/v2\/types\/product"}],"wp:featuredmedia":[{"embeddable":true,"href":"https:\/\/lordofbmw.com\/tr\/wp-json\/wp\/v2\/media\/3795"}],"wp:attachment":[{"href":"https:\/\/lordofbmw.com\/tr\/wp-json\/wp\/v2\/media?parent=3794"}],"wp:term":[{"taxonomy":"product_brand","embeddable":true,"href":"https:\/\/lordofbmw.com\/tr\/wp-json\/wp\/v2\/product_brand?post=3794"},{"taxonomy":"product_cat","embeddable":true,"href":"https:\/\/lordofbmw.com\/tr\/wp-json\/wp\/v2\/product_cat?post=3794"},{"taxonomy":"product_tag","embeddable":true,"href":"https:\/\/lordofbmw.com\/tr\/wp-json\/wp\/v2\/product_tag?post=3794"}],"curies":[{"name":"wp","href":"https:\/\/api.w.org\/{rel}","templated":true}]}}