{"id":3799,"date":"2025-10-18T10:44:08","date_gmt":"2025-10-18T07:44:08","guid":{"rendered":"https:\/\/www.lordofbmw.com\/?post_type=product&#038;p=3799"},"modified":"2025-10-18T10:44:08","modified_gmt":"2025-10-18T07:44:08","slug":"bmw-5-f10-f11-front-fender-indicator-left-right-7154167-63137154167","status":"publish","type":"product","link":"https:\/\/lordofbmw.com\/tr\/product\/bmw-5-f10-f11-front-fender-indicator-left-right-7154167-63137154167\/","title":{"rendered":"BMW 5 F10 F11 \u00d6n \u00e7amurluk g\u00f6stergesi sol Sa\u011f 7154167 63137154167"},"content":{"rendered":"<p>7154167<\/p>","protected":false},"excerpt":{"rendered":"<p>7154167<\/p>","protected":false},"featured_media":3800,"template":"","meta":{"_acf_changed":false},"product_brand":[],"product_cat":[630],"product_tag":[],"class_list":{"0":"post-3799","1":"product","2":"type-product","3":"status-publish","4":"has-post-thumbnail","6":"product_cat-bmw-5-series-parts","8":"first","9":"instock","10":"sale","11":"shipping-taxable","12":"purchasable","13":"product-type-simple"},"acf":[],"_links":{"self":[{"href":"https:\/\/lordofbmw.com\/tr\/wp-json\/wp\/v2\/product\/3799","targetHints":{"allow":["GET"]}}],"collection":[{"href":"https:\/\/lordofbmw.com\/tr\/wp-json\/wp\/v2\/product"}],"about":[{"href":"https:\/\/lordofbmw.com\/tr\/wp-json\/wp\/v2\/types\/product"}],"wp:featuredmedia":[{"embeddable":true,"href":"https:\/\/lordofbmw.com\/tr\/wp-json\/wp\/v2\/media\/3800"}],"wp:attachment":[{"href":"https:\/\/lordofbmw.com\/tr\/wp-json\/wp\/v2\/media?parent=3799"}],"wp:term":[{"taxonomy":"product_brand","embeddable":true,"href":"https:\/\/lordofbmw.com\/tr\/wp-json\/wp\/v2\/product_brand?post=3799"},{"taxonomy":"product_cat","embeddable":true,"href":"https:\/\/lordofbmw.com\/tr\/wp-json\/wp\/v2\/product_cat?post=3799"},{"taxonomy":"product_tag","embeddable":true,"href":"https:\/\/lordofbmw.com\/tr\/wp-json\/wp\/v2\/product_tag?post=3799"}],"curies":[{"name":"wp","href":"https:\/\/api.w.org\/{rel}","templated":true}]}}